{"id":41,"date":"2019-01-23T08:49:58","date_gmt":"2019-01-23T07:49:58","guid":{"rendered":"http:\/\/wp.heimatverein-weidenbach-triesdorf.de\/?page_id=41"},"modified":"2025-08-01T07:34:14","modified_gmt":"2025-08-01T06:34:14","slug":"wir-ueber-uns","status":"publish","type":"page","link":"https:\/\/www.kindergarten-weidenbach.de\/wordpress\/wir-ueber-uns\/","title":{"rendered":"Wir \u00fcber uns"},"content":{"rendered":"\n<p>Ev.-Luth. Haus des Kindes \u201ePolarstern\u201c<br \/>Ringstr. 2<br \/>91746 Weidenbach<br \/><br \/>Tel.: 09826 \/ 347<br \/>Mobil: 0151 \/ 74548627<br \/>E-Mail: <a href=\"mailto:kiga.weidenbach@elkb.de?subject=Mail \u00fcber www.kindergarten-weidenbach.de\">kiga.weidenbach@elkb.de<\/a><br \/>Internetadresse: <a href=\"http:\/\/www.kindergarten-weidenbach.de\">www.kindergarten-weidenbach.de <\/a><\/p>\n<p>\u00a0<\/p>\n<p>In unserem Haus steht derzeit ein anerkannter Platz f\u00fcr 120 Kinder zur Verf\u00fcgung, der sich zusammensetzt aus 20 Krippenpl\u00e4tzen und 100 Pl\u00e4tzen f\u00fcr die Regelkinder.<br \/>Unser &#8222;Haus des Kindes&#8220; besuchen Kinder im Alter von 1 Jahr &#8211; 6 Jahren. <br \/>Das Einzugsgebiet dieser Kinder ist haupts\u00e4chlich der Markt Weidenbach mit seinen Au\u00dfenorten. <br \/>Wenn wir noch freie Pl\u00e4tze zur Verf\u00fcgung haben, nehmen wir auch gerne Kinder aus benachbarten Gemeinden auf.<\/p>\n<p>In unserer Einrichtung bieten wir eine Kernzeit mit Bring \u2013 und Abholzeit an. Diese ist f\u00fcr die Krippe und den Kindergarten folgenderma\u00dfen:<br \/><br \/>Bringzeit von 8.00 Uhr\u00a0 &#8211; 8.30 Uhr<br \/>Kernzeit von 8.30 Uhr &#8211; 12.30 Uhr<br \/>Abholzeit von 12.30 Uhr &#8211; 13.00 Uhr<\/p>\n<p>Dar\u00fcber hinaus k\u00f6nnen Eltern Stunden buchen die sie vor bzw. nach dieser Kernbuchungszeit ben\u00f6tigen.<\/p>\n<p>Die Betriebszeiten des Kindergartens sind\u00a0 <br \/>Montag bis Donnerstag von 7.00 Uhr bis 16.30 Uhr und Freitag von 7.00 Uhr bis 15.00 Uhr. <br \/>Somit ist unsere Einrichtung 46 Stunden in der Woche f\u00fcr die Kinder ge\u00f6ffnet<\/p>\n<p>\u00a0<\/p>\n","protected":false},"excerpt":{"rendered":"<p>Ev.-Luth. Haus des Kindes \u201ePolarstern\u201cRingstr. 291746 Weidenbach Tel.: 09826 \/ 347Mobil: 0151 \/ 74548627E-Mail: kiga.weidenbach@elkb.deInternetadresse: www.kindergarten-weidenbach.de \u00a0 In unserem Haus steht derzeit ein anerkannter Platz f\u00fcr 120 Kinder zur Verf\u00fcgung, der sich zusammensetzt aus 20 Krippenpl\u00e4tzen und 100 Pl\u00e4tzen f\u00fcr die Regelkinder.Unser &#8222;Haus des Kindes&#8220; besuchen Kinder im Alter von 1 Jahr &#8211; 6 Jahren. [&hellip;]<\/p>\n","protected":false},"author":3,"featured_media":0,"parent":0,"menu_order":30,"comment_status":"closed","ping_status":"closed","template":"","meta":{"ngg_post_thumbnail":0,"footnotes":""},"class_list":["post-41","page","type-page","status-publish","hentry"],"jetpack_sharing_enabled":true,"_links":{"self":[{"href":"https:\/\/www.kindergarten-weidenbach.de\/wordpress\/wp-json\/wp\/v2\/pages\/41","targetHints":{"allow":["GET"]}}],"collection":[{"href":"https:\/\/www.kindergarten-weidenbach.de\/wordpress\/wp-json\/wp\/v2\/pages"}],"about":[{"href":"https:\/\/www.kindergarten-weidenbach.de\/wordpress\/wp-json\/wp\/v2\/types\/page"}],"author":[{"embeddable":true,"href":"https:\/\/www.kindergarten-weidenbach.de\/wordpress\/wp-json\/wp\/v2\/users\/3"}],"replies":[{"embeddable":true,"href":"https:\/\/www.kindergarten-weidenbach.de\/wordpress\/wp-json\/wp\/v2\/comments?post=41"}],"version-history":[{"count":6,"href":"https:\/\/www.kindergarten-weidenbach.de\/wordpress\/wp-json\/wp\/v2\/pages\/41\/revisions"}],"predecessor-version":[{"id":2819,"href":"https:\/\/www.kindergarten-weidenbach.de\/wordpress\/wp-json\/wp\/v2\/pages\/41\/revisions\/2819"}],"wp:attachment":[{"href":"https:\/\/www.kindergarten-weidenbach.de\/wordpress\/wp-json\/wp\/v2\/media?parent=41"}],"curies":[{"name":"wp","href":"https:\/\/api.w.org\/{rel}","templated":true}]}}