{"id":45,"date":"2020-03-23T08:50:51","date_gmt":"2020-03-23T07:50:51","guid":{"rendered":"http:\/\/wp.heimatverein-weidenbach-triesdorf.de\/?page_id=45"},"modified":"2025-10-02T07:37:49","modified_gmt":"2025-10-02T06:37:49","slug":"traeger","status":"publish","type":"page","link":"https:\/\/www.kindergarten-weidenbach.de\/wordpress\/wir-ueber-uns\/traeger\/","title":{"rendered":"Tr\u00e4ger"},"content":{"rendered":"\n<p>Evangelisch-Lutherische Kirchengemeinde Weidenbach <br \/>Triesdorfer Str. 10 <br \/>91746 Weidenbach<\/p>\n<p>vertreten durch unsere Gesch\u00e4ftsf\u00fchrerin Vanessa Unger<\/p>\n<p>Handy: 0151 53822067<br \/>E-Mail: vanessa.unger (\u00e4t) elkb.de<\/p>\n<p>Kontakt zum Pfarramt<br \/>Telefon: 09826 \/ 247<br \/>E-Mail:\u00a0<a href=\"mailto:pfarramt.weidenbach@elkb.de\">pfarramt.weidenbach (\u00e4t) elkb.de<\/a> <br \/>Internetadresse: <a href=\"https:\/\/www.weidenbach-evangelisch.de\/\" target=\"_blank\" rel=\"noopener noreferrer\">https:\/\/www.weidenbach-evangelisch.de\/<\/a><\/p>\n<p>Unser Haus des Kindes wurde am 1. September 1966 er\u00f6ffnet. Es geh\u00f6rt als fester Bestandteil zu unserer Gemeindearbeit.<\/p>\n<p>Die Einrichtung befindet sich direkt neben der Markgrafenhofkirche.\u00a0 In dieser Kirche treffen wir uns zu Gottesdiensten und Andachten. \u00a0<\/p>\n<p>Ziel ist es, aus der Freude des Glaubens an Jesus Christus zu leben und diesen Glauben auch im Alltag zu bewahren.<\/p>\n","protected":false},"excerpt":{"rendered":"<p>Evangelisch-Lutherische Kirchengemeinde Weidenbach Triesdorfer Str. 10 91746 Weidenbach vertreten durch unsere Gesch\u00e4ftsf\u00fchrerin Vanessa Unger Handy: 0151 53822067E-Mail: vanessa.unger (\u00e4t) elkb.de Kontakt zum PfarramtTelefon: 09826 \/ 247E-Mail:\u00a0pfarramt.weidenbach (\u00e4t) elkb.de Internetadresse: https:\/\/www.weidenbach-evangelisch.de\/ Unser Haus des Kindes wurde am 1. September 1966 er\u00f6ffnet. Es geh\u00f6rt als fester Bestandteil zu unserer Gemeindearbeit. Die Einrichtung befindet sich direkt neben der [&hellip;]<\/p>\n","protected":false},"author":3,"featured_media":0,"parent":41,"menu_order":30,"comment_status":"closed","ping_status":"closed","template":"","meta":{"ngg_post_thumbnail":0,"footnotes":""},"class_list":["post-45","page","type-page","status-publish","hentry"],"jetpack_sharing_enabled":true,"_links":{"self":[{"href":"https:\/\/www.kindergarten-weidenbach.de\/wordpress\/wp-json\/wp\/v2\/pages\/45","targetHints":{"allow":["GET"]}}],"collection":[{"href":"https:\/\/www.kindergarten-weidenbach.de\/wordpress\/wp-json\/wp\/v2\/pages"}],"about":[{"href":"https:\/\/www.kindergarten-weidenbach.de\/wordpress\/wp-json\/wp\/v2\/types\/page"}],"author":[{"embeddable":true,"href":"https:\/\/www.kindergarten-weidenbach.de\/wordpress\/wp-json\/wp\/v2\/users\/3"}],"replies":[{"embeddable":true,"href":"https:\/\/www.kindergarten-weidenbach.de\/wordpress\/wp-json\/wp\/v2\/comments?post=45"}],"version-history":[{"count":4,"href":"https:\/\/www.kindergarten-weidenbach.de\/wordpress\/wp-json\/wp\/v2\/pages\/45\/revisions"}],"predecessor-version":[{"id":2858,"href":"https:\/\/www.kindergarten-weidenbach.de\/wordpress\/wp-json\/wp\/v2\/pages\/45\/revisions\/2858"}],"up":[{"embeddable":true,"href":"https:\/\/www.kindergarten-weidenbach.de\/wordpress\/wp-json\/wp\/v2\/pages\/41"}],"wp:attachment":[{"href":"https:\/\/www.kindergarten-weidenbach.de\/wordpress\/wp-json\/wp\/v2\/media?parent=45"}],"curies":[{"name":"wp","href":"https:\/\/api.w.org\/{rel}","templated":true}]}}