{"id":712,"date":"2020-03-24T14:17:36","date_gmt":"2020-03-24T13:17:36","guid":{"rendered":"https:\/\/www.kindergarten-weidenbach.de\/wordpress\/?page_id=712"},"modified":"2025-09-05T12:34:08","modified_gmt":"2025-09-05T11:34:08","slug":"schneekueken","status":"publish","type":"page","link":"https:\/\/www.kindergarten-weidenbach.de\/wordpress\/wir-ueber-uns\/gruppen\/schneekueken\/","title":{"rendered":"Schneek\u00fckengruppe"},"content":{"rendered":"\n<p>Die Schneek\u00fckengruppe mit Selina Wei\u00dfmann, Joline Mayele &amp; Anja Leibrich!<\/p>\n<p><img decoding=\"async\" src=\"https:\/\/www.kindergarten-weidenbach.de\/wordpress\/wp-content\/uploads\/2023\/09\/Schneekueken-scaled.jpg\" \/><\/p>\n<p><em>v.l.: Anja Leibrich, Joline Mayele, Selina Wei\u00dfmann<\/em><\/p>\n<p><em>\u00a0<\/em><\/p>\nngg_shortcode_0_placeholder\n<p>\u00a0<\/p>\n","protected":false},"excerpt":{"rendered":"<p>Die Schneek\u00fckengruppe mit Selina Wei\u00dfmann, Joline Mayele &amp; Anja Leibrich! v.l.: Anja Leibrich, Joline Mayele, Selina Wei\u00dfmann \u00a0 \u00a0<\/p>\n","protected":false},"author":3,"featured_media":0,"parent":26,"menu_order":21,"comment_status":"closed","ping_status":"closed","template":"","meta":{"ngg_post_thumbnail":0,"footnotes":""},"class_list":["post-712","page","type-page","status-publish","hentry"],"jetpack_sharing_enabled":true,"_links":{"self":[{"href":"https:\/\/www.kindergarten-weidenbach.de\/wordpress\/wp-json\/wp\/v2\/pages\/712","targetHints":{"allow":["GET"]}}],"collection":[{"href":"https:\/\/www.kindergarten-weidenbach.de\/wordpress\/wp-json\/wp\/v2\/pages"}],"about":[{"href":"https:\/\/www.kindergarten-weidenbach.de\/wordpress\/wp-json\/wp\/v2\/types\/page"}],"author":[{"embeddable":true,"href":"https:\/\/www.kindergarten-weidenbach.de\/wordpress\/wp-json\/wp\/v2\/users\/3"}],"replies":[{"embeddable":true,"href":"https:\/\/www.kindergarten-weidenbach.de\/wordpress\/wp-json\/wp\/v2\/comments?post=712"}],"version-history":[{"count":13,"href":"https:\/\/www.kindergarten-weidenbach.de\/wordpress\/wp-json\/wp\/v2\/pages\/712\/revisions"}],"predecessor-version":[{"id":2839,"href":"https:\/\/www.kindergarten-weidenbach.de\/wordpress\/wp-json\/wp\/v2\/pages\/712\/revisions\/2839"}],"up":[{"embeddable":true,"href":"https:\/\/www.kindergarten-weidenbach.de\/wordpress\/wp-json\/wp\/v2\/pages\/26"}],"wp:attachment":[{"href":"https:\/\/www.kindergarten-weidenbach.de\/wordpress\/wp-json\/wp\/v2\/media?parent=712"}],"curies":[{"name":"wp","href":"https:\/\/api.w.org\/{rel}","templated":true}]}}