{"id":751,"date":"2020-03-24T14:56:02","date_gmt":"2020-03-24T13:56:02","guid":{"rendered":"https:\/\/www.kindergarten-weidenbach.de\/wordpress\/?page_id=751"},"modified":"2025-10-18T19:07:58","modified_gmt":"2025-10-18T18:07:58","slug":"elternbeirat","status":"publish","type":"page","link":"https:\/\/www.kindergarten-weidenbach.de\/wordpress\/elternbeirat\/","title":{"rendered":"Elternbeirat"},"content":{"rendered":"\n<p>Der Elternbeirat f\u00f6rdert die Zusammenarbeit zwischen dem Tr\u00e4ger des Kindergartens, den Eltern und der Kindergartenleitung.<\/p>\n<p>Der Elternbeirat wird vom Tr\u00e4ger des Kindergartens und der Kindergartenleitung bei wichtigen Entscheidungen informiert und angeh\u00f6rt und ber\u00e4t unter anderem \u00fcber<\/p>\n<ul>\n<li>die Jahresplanung<\/li>\n<li>den Umfang der Personalausstattung<\/li>\n<li>die Planung und Gestaltung von regelm\u00e4\u00dfigen Informations- und Bildungsveranstaltungen f\u00fcr die Eltern<\/li>\n<li>\u00d6ffnungs- und Schlie\u00dfzeiten des Kindergartens<\/li>\n<li>Festlegung der H\u00f6he des Kindergartenbeitrages<\/li>\n<\/ul>\n<p>Der Elternbeirat trifft sich nach Absprache.<\/p>\n<p>Die Amtszeit betr\u00e4gt ein Jahr.<\/p>\n<p>Unser Elternbeirat beteiligt sich aktiv an Aktionen des Kindergartens, wie Kirchweihverlosung, Lebkuchenverkauf beim Laternenumzug usw. Der Erl\u00f6s kommt dem Kindergarten zugute.<\/p>\n<p>Dar\u00fcber hinaus organisiert der Elternbeirat jedes Jahr besondere Aktionen, an denen sich alle Eltern beteiligen. Diese waren in den letzten Jahren:<br><br><\/p>\n<div class=\"tabchronik2\">\n<table  class=\" table table-hover\" width=\"95%\">\n<tbody>\n<tr>\n<td>2001:<\/td>\n<td width=\"95%\">Zaunerneuerung<\/td>\n<\/tr>\n<tr>\n<td>2002:<\/td>\n<td width=\"95%\">Befestigung eines Spielrecks<\/td>\n<\/tr>\n<tr>\n<td>2003:<\/td>\n<td width=\"95%\">Einrichtung eines Werkraumes mit Hilfe finanzieller Unterst\u00fctzung durch <br>die Ev. Landjugend Weidenbach<\/td>\n<\/tr>\n<tr>\n<td>2004:<\/td>\n<td width=\"95%\">Errichtung eines Heckenlabyrinths und Buddelh\u00fcgels<\/td>\n<\/tr>\n<tr>\n<td>2005:<\/td>\n<td width=\"95%\">Organisation eines Familienausflugs zum Brombachsee<\/td>\n<\/tr>\n<tr>\n<td>2006:<\/td>\n<td width=\"95%\">Anschaffung einer neuen 2-er Schaukel und eines Wipptieres<\/td>\n<\/tr>\n<tr>\n<td>2008:<\/td>\n<td width=\"95%\">Gartenaktion: Pflasterarbeiten um den Kindergarten und Reparatur des Zaunes; Kauf eines Trampolins<\/td>\n<\/tr>\n<tr>\n<td>2010:<\/td>\n<td width=\"95%\">Gartenaktion: Montage zweier Sonnensegel \u00fcber dem Sandkasten der Kindergartenkinder sowie Reparatur des Wasserlaufes<\/td>\n<\/tr>\n<tr>\n<td>2011:<\/td>\n<td width=\"95%\">Gartenaktion: Die Br\u00fccke am Wasserlauf wird erneuert<\/td>\n<\/tr>\n<tr>\n<td>2012:<\/td>\n<td width=\"95%\">Gro\u00dfer Kaffee- und Kuchenverkauf bei der Einweihung der Firma Sens in Ornbau. Vom Erl\u00f6s wurden Gartenfahrzeuge gekauft.<\/td>\n<\/tr>\n<tr>\n<td>2014:<\/td>\n<td width=\"95%\">Zuschuss f\u00fcr neue Gartenspielger\u00e4te<\/td>\n<\/tr>\n<tr>\n<td>2015:<\/td>\n<td width=\"95%\">Austausch der Energiesparlampen durch LED-Leuchtmittel<\/td>\n<\/tr>\n<tr>\n<td>2016:<\/td>\n<td width=\"95%\">\u00dcbernahme der Reperaturkosten des Holzspielhauses im Garten<\/td>\n<\/tr>\n<tr>\n<td>2017:<\/td>\n<td width=\"95%\">Anschaffung eines Katzenschrecks f\u00fcr die Au\u00dfenanlagen und eines Klemmschutzes f\u00fcr die Krippeneingangst\u00fcre sowie Zuschuss f\u00fcr Kinder-WC-Brillen<\/td>\n<\/tr>\n<tr>\n<td>2018:<\/td>\n<td width=\"95%\">Kauf eines neuen Kletterger\u00e4tes (Klettertrichter)<\/td>\n<\/tr>\n<tr>\n<td>2019:<\/td>\n<td width=\"95%\">Kauf von Spielsachen f\u00fcr die Gruppen<\/td>\n<\/tr>\n<tr>\n<td>2020:<\/td>\n<td>Corona legt alles lahm!<\/td>\n<\/tr>\n<tr>\n<td>2023:<\/td>\n<td>Anschaffung eines B\u00e4llebades<\/td>\n<\/tr>\n<\/tbody>\n<\/table>\n<p><br>Der Elternbeirat 2025\/ 2026 besteht aus folgenden Mitgliedern:<\/p>\n<div class=\"tabchronik2\">\n<table  class=\" table table-hover\" style=\"width: 99.4048%; height: 335px;\" width=\"95%\">\n<tbody>\n<tr style=\"height: 24px;\">\n<td style=\"width: 24.1925%; height: 24px;\"><strong>Vorname<\/strong><\/td>\n<td style=\"width: 6.04805%; height: 24px;\"><strong>Name<\/strong><\/td>\n<td style=\"width: 29.8375%; height: 24px;\"><strong>Erl\u00e4uterung<\/strong><\/td>\n<td style=\"width: 38.0253%; height: 24px;\"><strong>Gruppe des Kindes<\/strong><\/td>\n<\/tr>\n<tr style=\"height: 24px;\">\n<td style=\"width: 24.1925%; height: 24px;\">Dennis<\/td>\n<td style=\"width: 6.04805%; height: 24px;\">Bock<\/td>\n<td style=\"width: 29.8375%; height: 24px;\">Vorsitzender<\/td>\n<td style=\"width: 38.0253%; height: 24px;\">Eisb\u00e4ren<\/td>\n<\/tr>\n<tr style=\"height: 24px;\">\n<td style=\"width: 24.1925%; height: 24px;\">Susann<\/td>\n<td style=\"width: 6.04805%; height: 24px;\">Wolf<\/td>\n<td style=\"width: 29.8375%; height: 24px;\">Stellv. Vorsitzende<\/td>\n<td style=\"width: 38.0253%; height: 24px;\">Eisb\u00e4ren \/ Schneehasen<\/td>\n<\/tr>\n<tr style=\"height: 24px;\">\n<td style=\"width: 24.1925%; height: 24px;\">Steffi<\/td>\n<td style=\"width: 6.04805%; height: 24px;\">Wege<\/td>\n<td style=\"width: 29.8375%; height: 24px;\">Kassiererin<\/td>\n<td style=\"width: 38.0253%; height: 24px;\">Pinguine<\/td>\n<\/tr>\n<tr>\n<td style=\"width: 24.1925%;\">Julia<\/td>\n<td style=\"width: 6.04805%;\">Koscharko<\/td>\n<td style=\"width: 29.8375%;\">Stellv. Kassiererin<\/td>\n<td style=\"width: 38.0253%;\">Pinguine \/ Schneek\u00fcken<\/td>\n<\/tr>\n<tr style=\"height: 24px;\">\n<td style=\"width: 24.1925%; height: 24px;\">Frank<\/td>\n<td style=\"width: 6.04805%; height: 24px;\">Himmelein<\/td>\n<td style=\"width: 29.8375%; height: 24px;\">Schriftf\u00fchrer<\/td>\n<td style=\"width: 38.0253%; height: 24px;\">Pinguine<\/td>\n<\/tr>\n<tr>\n<td style=\"width: 24.1925%;\">Maria<\/td>\n<td style=\"width: 6.04805%;\">Lang<\/td>\n<td style=\"width: 29.8375%;\">Stellv. Schriftf\u00fchrerin<\/td>\n<td style=\"width: 38.0253%;\">Schneehasen<\/td>\n<\/tr>\n<tr style=\"height: 24px;\">\n<td style=\"width: 24.1925%; height: 10px;\">Maria<\/td>\n<td style=\"width: 6.04805%; height: 10px;\">K\u00e4lberer<\/td>\n<td style=\"width: 29.8375%; height: 10px;\">\u00d6ffentlichkeitsarbeit<\/td>\n<td style=\"width: 38.0253%; height: 10px;\">Schneehasen<\/td>\n<\/tr>\n<tr style=\"height: 24px;\">\n<td style=\"width: 24.1925%; height: 24px;\">Carmen<\/td>\n<td style=\"width: 6.04805%; height: 24px;\">Sept<\/td>\n<td style=\"width: 29.8375%; height: 24px;\">Kiga-Aush\u00e4nge<\/td>\n<td style=\"width: 38.0253%; height: 24px;\">Schneehasen&nbsp;<\/td>\n<\/tr>\n<tr style=\"height: 24px;\">\n<td style=\"width: 24.1925%; height: 24px;\">Sandra<\/td>\n<td style=\"width: 6.04805%; height: 24px;\">Krau\u00df<\/td>\n<td style=\"width: 29.8375%; height: 24px;\">Kummerkasten<\/td>\n<td style=\"width: 38.0253%; height: 24px;\">Eisb\u00e4ren&nbsp;<\/td>\n<\/tr>\n<tr style=\"height: 24px;\">\n<td style=\"width: 24.1925%; height: 10px;\">&nbsp;<\/td>\n<td style=\"width: 6.04805%; height: 10px;\">&nbsp;<\/td>\n<td style=\"width: 29.8375%; height: 10px;\">&nbsp;<\/td>\n<td style=\"width: 38.0253%; height: 10px;\">&nbsp;<\/td>\n<\/tr>\n<tr style=\"height: 23px;\">\n<td style=\"width: 24.1925%; height: 23px;\">&nbsp;<\/td>\n<td style=\"width: 6.04805%; height: 23px;\">&nbsp;<\/td>\n<td style=\"width: 29.8375%; height: 23px;\">&nbsp;<\/td>\n<td style=\"width: 38.0253%; height: 23px;\">&nbsp;<\/td>\n<\/tr>\n<\/tbody>\n<\/table>\n<\/div>\n<div class=\"tabchronik2\">\n<p>Wir sind im Interesse unserer aller Kinder darum bem\u00fcht deren Aufenthalt im Ev. \u2013 Luth. Haus des Kindes &#8222;Polarstern&#8220; so angenehm und sinnvoll wie uns m\u00f6glich mit zu gestalten.<br>Dies gelingt uns nur, wenn alle Eltern daran teilhaben. Wir bitten darum alle Eltern um aktive Mithilfe und Unterst\u00fctzung.<br>F\u00fcr konstruktive Anregungen haben wir stets ein offenes Ohr.<br>Wir w\u00fcnschen uns eine gute und partnerschaftliche Zusammenarbeit mit allen Eltern, dem Kindergartenteam, Gesch\u00e4ftsf\u00fchrerin Vanessa Unger und Pfarrerin Simone Sippel.<\/p>\n<p>Ihr Elternbeirat<\/p>\n<\/div>\n<\/div>\n\n\n","protected":false},"excerpt":{"rendered":"<p>Der Elternbeirat f\u00f6rdert die Zusammenarbeit zwischen dem Tr\u00e4ger des Kindergartens, den Eltern und der Kindergartenleitung. Der Elternbeirat wird vom Tr\u00e4ger des Kindergartens und der Kindergartenleitung bei wichtigen Entscheidungen informiert und angeh\u00f6rt und ber\u00e4t unter anderem \u00fcber die Jahresplanung den Umfang der Personalausstattung die Planung und Gestaltung von regelm\u00e4\u00dfigen Informations- und Bildungsveranstaltungen f\u00fcr die Eltern \u00d6ffnungs- [&hellip;]<\/p>\n","protected":false},"author":5,"featured_media":0,"parent":0,"menu_order":40,"comment_status":"closed","ping_status":"closed","template":"","meta":{"ngg_post_thumbnail":0,"footnotes":""},"class_list":["post-751","page","type-page","status-publish","hentry"],"jetpack_sharing_enabled":true,"_links":{"self":[{"href":"https:\/\/www.kindergarten-weidenbach.de\/wordpress\/wp-json\/wp\/v2\/pages\/751","targetHints":{"allow":["GET"]}}],"collection":[{"href":"https:\/\/www.kindergarten-weidenbach.de\/wordpress\/wp-json\/wp\/v2\/pages"}],"about":[{"href":"https:\/\/www.kindergarten-weidenbach.de\/wordpress\/wp-json\/wp\/v2\/types\/page"}],"author":[{"embeddable":true,"href":"https:\/\/www.kindergarten-weidenbach.de\/wordpress\/wp-json\/wp\/v2\/users\/5"}],"replies":[{"embeddable":true,"href":"https:\/\/www.kindergarten-weidenbach.de\/wordpress\/wp-json\/wp\/v2\/comments?post=751"}],"version-history":[{"count":25,"href":"https:\/\/www.kindergarten-weidenbach.de\/wordpress\/wp-json\/wp\/v2\/pages\/751\/revisions"}],"predecessor-version":[{"id":2869,"href":"https:\/\/www.kindergarten-weidenbach.de\/wordpress\/wp-json\/wp\/v2\/pages\/751\/revisions\/2869"}],"wp:attachment":[{"href":"https:\/\/www.kindergarten-weidenbach.de\/wordpress\/wp-json\/wp\/v2\/media?parent=751"}],"curies":[{"name":"wp","href":"https:\/\/api.w.org\/{rel}","templated":true}]}}