{"id":759,"date":"2020-03-24T15:01:01","date_gmt":"2020-03-24T14:01:01","guid":{"rendered":"https:\/\/www.kindergarten-weidenbach.de\/wordpress\/?page_id=759"},"modified":"2025-10-27T20:01:18","modified_gmt":"2025-10-27T19:01:18","slug":"konzeption","status":"publish","type":"page","link":"https:\/\/www.kindergarten-weidenbach.de\/wordpress\/wichtigstenfragen\/konzeption\/","title":{"rendered":"Konzeption"},"content":{"rendered":"\n<h2>Liebe Eltern<\/h2>\n<p>Das evangelisch-lutherische Haus des Kindes \u201ePolarstern\u201c in Weidenbach.<br>Wer ist das?<br>Was wird dort getan?<br>Das sind die Grundfragen, die unsere Konzeption beantworten will.<br>Wichtigster Inhalt unseres Denkens, Planens, Handelns und Organisierens werden immer die Kinder sein, f\u00fcr die unsere Einrichtung erbaut wurde und betrieben wird.<\/p>\n<p>Wir freuen uns auf Ihr Kind und die Zusammenarbeit mit Ihnen. Wir m\u00f6chten Sie in der Erziehung, Bildung und Betreuung Ihrer Kinder unterst\u00fctzen. Wichtig ist uns, dass sich die Kinder bei uns wohl f\u00fchlen und gerne in die Einrichtung kommen.<\/p>\n<p>In unserer Konzeption finden Sie unsere<\/p>\n<ul>\n<li><strong>Chronik<\/strong><\/li>\n<li><strong>die Grundlagen unserer p\u00e4dagogischen Arbeit<\/strong><br>wie gesetzliche Grundlagen, unser Bild vom Kind und wie wir zu unserem Namen gekommen sind<\/li>\n<li><strong>Infos zur Bedarfssituation<\/strong><\/li>\n<li><strong>unsere<\/strong> <strong>Rahmenbedingungen<\/strong> <br>(die Sie unter anderem auch unter dem Men\u00fcpunkt &#8222;Wichtigste Fragen&#8220; finden)<\/li>\n<li><strong>unsere<\/strong> <strong>p\u00e4dagogischen Ziele<\/strong>, <br>wie Erziehung zur Selbst\u00e4ndigkeit, <br>Spracherziehung, <br>Sozialerziehung und emotionale Erziehung, <br>Religi\u00f6se Erziehung, <br>Bewegungserziehung, <br>Musikalische Erziehung, <br>Bildnerisches Gestalten, <br>Kognitive Erziehung \/ Denkerziehung,&nbsp; <br>Mathematische Erziehung, <br>Naturwissenschaftliche Erziehung, <br>Entwicklung von Basiskompetenzen, <br>Entwicklung von Resilienz sowie <br>Partizipation \/ Beschwerdemanagement<\/li>\n<li><strong>unsere Mittel und Methoden p\u00e4dagogischen Handelns<\/strong>,<br>wie Raumgestaltung, <br>Beziehung zwischen Kind und Erzieher\/in,&nbsp; <br>Tagesgestaltung, <br>Beobachtung, <br>Beobachtungsb\u00f6gen und Entwicklungsgespr\u00e4ch, <br>Freispielzeit, <br>Essen, <br>Inklusion \/ Integration und <br>Feste und Feiern<\/li>\n<li><strong>alle Infos zur Kinderkrippe<\/strong> <br>wie das Eingew\u00f6hnungskonzept, <br>Zusammenarbeit mit den Eltern, <br>Beziehungsvolle Pflege &#8211; die Rolle der Erzieherin\/des Erziehers, Tagesablauf, <br>Schlafen und Ruhen, <br>Sauberkeitserziehung \/ K\u00f6rperhygiene, <br>Portfolio, <br>\u00dcbergang in den Kindergarten<\/li>\n<li><strong>Erl\u00e4uterungen zur Elternarbeit<\/strong><\/li>\n<li><strong>die Zusammenarbeit mit anderen p\u00e4dagogisch relevanten Institutionen<\/strong> sowie Ausf\u00fchrungen \u00fcber unsere Schutzauftrag f\u00fcr das Kindeswohl<\/li>\n<\/ul>\n<p>Gerne k\u00f6nnen Sie unsere Konzeption <a href=\"https:\/\/www.kindergarten-weidenbach.de\/wordpress\/wp-content\/uploads\/2025\/10\/Konzeption_aktuell_202509.pdf\">hier downloaden<\/a>.<\/p>\n<p>Ein Bestandteil unserer Arbeit ist ein <strong>Kinder-Schutzkonzept.<\/strong><br>Inhaltlich wurden hier folgende Themenbereiche er- und bearbeitet:<\/p>\n<ul>\n<li><strong>verschiedene Formen der Kindswohlgef\u00e4hrdung<\/strong><\/li>\n<li><strong>eine Risiko- und Potentialanalyse<\/strong><\/li>\n<li><strong>Regeln im Hinblick auf Distanz und N\u00e4he<\/strong><\/li>\n<li><strong>eine Verhaltensampel<\/strong><\/li>\n<li><strong>ein Verfahren bei einem Verdacht auf eine Kindswohlgef\u00e4hrdung<\/strong><\/li>\n<li><strong>Personalf\u00fchrung und Qualit\u00e4tssicherung<\/strong><\/li>\n<li><strong>Beschwerdemanagement f\u00fcr Kinder und Eltern<\/strong><\/li>\n<li><strong>Partizipation <\/strong><\/li>\n<li><strong>ein sexualp\u00e4dagogische Konzept<br><\/strong><\/li>\n<\/ul>\n<p>Bei Interesse kann das Schutzkonzept gerne eingesehen werden.<\/p>\n<p>Bei Fragen oder Unklarheiten stehen wir Ihnen gerne zur Verf\u00fcgung.<\/p>\n<p>Das Team des Haus des Kindes &#8222;Polarstern&#8220;<br>stellvertretend Bianca Adler (Einrichtungsleitung)<\/p>\n","protected":false},"excerpt":{"rendered":"<p>Liebe Eltern Das evangelisch-lutherische Haus des Kindes \u201ePolarstern\u201c in Weidenbach.Wer ist das?Was wird dort getan?Das sind die Grundfragen, die unsere Konzeption beantworten will.Wichtigster Inhalt unseres Denkens, Planens, Handelns und Organisierens werden immer die Kinder sein, f\u00fcr die unsere Einrichtung erbaut wurde und betrieben wird. Wir freuen uns auf Ihr Kind und die Zusammenarbeit mit Ihnen. [&hellip;]<\/p>\n","protected":false},"author":3,"featured_media":0,"parent":755,"menu_order":1,"comment_status":"closed","ping_status":"closed","template":"","meta":{"ngg_post_thumbnail":0,"footnotes":""},"class_list":["post-759","page","type-page","status-publish","hentry"],"jetpack_sharing_enabled":true,"_links":{"self":[{"href":"https:\/\/www.kindergarten-weidenbach.de\/wordpress\/wp-json\/wp\/v2\/pages\/759","targetHints":{"allow":["GET"]}}],"collection":[{"href":"https:\/\/www.kindergarten-weidenbach.de\/wordpress\/wp-json\/wp\/v2\/pages"}],"about":[{"href":"https:\/\/www.kindergarten-weidenbach.de\/wordpress\/wp-json\/wp\/v2\/types\/page"}],"author":[{"embeddable":true,"href":"https:\/\/www.kindergarten-weidenbach.de\/wordpress\/wp-json\/wp\/v2\/users\/3"}],"replies":[{"embeddable":true,"href":"https:\/\/www.kindergarten-weidenbach.de\/wordpress\/wp-json\/wp\/v2\/comments?post=759"}],"version-history":[{"count":17,"href":"https:\/\/www.kindergarten-weidenbach.de\/wordpress\/wp-json\/wp\/v2\/pages\/759\/revisions"}],"predecessor-version":[{"id":2872,"href":"https:\/\/www.kindergarten-weidenbach.de\/wordpress\/wp-json\/wp\/v2\/pages\/759\/revisions\/2872"}],"up":[{"embeddable":true,"href":"https:\/\/www.kindergarten-weidenbach.de\/wordpress\/wp-json\/wp\/v2\/pages\/755"}],"wp:attachment":[{"href":"https:\/\/www.kindergarten-weidenbach.de\/wordpress\/wp-json\/wp\/v2\/media?parent=759"}],"curies":[{"name":"wp","href":"https:\/\/api.w.org\/{rel}","templated":true}]}}