{"id":789,"date":"2020-03-29T16:26:58","date_gmt":"2020-03-29T15:26:58","guid":{"rendered":"https:\/\/www.kindergarten-weidenbach.de\/wordpress\/?page_id=789"},"modified":"2025-01-22T08:36:49","modified_gmt":"2025-01-22T07:36:49","slug":"aufnahmebedingungen-und-anmeldewoche","status":"publish","type":"page","link":"https:\/\/www.kindergarten-weidenbach.de\/wordpress\/wichtigstenfragen\/aufnahmebedingungen-und-anmeldewoche\/","title":{"rendered":"Aufnahmebedingungen und Anmeldewoche"},"content":{"rendered":"\n<p>Unsere Einrichtung besuchen Kinder im Alter von 1 Jahr bis 6 Jahren.<\/p>\n<p>Anfang des Jahres (Januar \/ Februar) findet eine Anmeldewoche in unserem Kindergarten statt.<\/p>\n<p>Der Termin f\u00fcr diese Woche wird im Mitteilungsblatt bekannt gegeben, h\u00e4ngt an der Infopinnwand unserer Einrichtung aus und wird auf der Homepage ver\u00f6ffentlicht.<\/p>\n<p>In diesen Tagen sollen die Eltern, die ihr Kind im kommenden Krippen- bzw. Kindergartenjahr zu uns bringen wollen, pers\u00f6nlich vorbeikommen, um ihr Kind mittels eines Formulars anzumelden.<\/p>\n<p>Wer diese Anmeldetage verpasst, kann in unseren Planungen erstmals nicht mitber\u00fccksichtigt werden. Diese Anmeldewoche gilt auch f\u00fcr Eltern, die ihr Kind bereits vorgemerkt haben.<\/p>\n<p>Beim \u00dcbertritt von der Krippe in den Kindergarten ist keine extra Aufnahme erforderlich.<\/p>\n<p>Im Fr\u00fchjahr findet ein Informationsabend statt, an dem die &#8222;neuen&#8220; Eltern genau \u00fcber unsere Einrichtung informiert werden. Hier werden dann die genauen Eintrittstermine und Schnuppertage f\u00fcr die Krippen- und Kindergartenkinder festgelegt.<\/p>\n<p>Die Platzvergabe erfolgt nach folgenden Aufnahmekriterien:<\/p>\n<ol>\n<li>Kinder, die zur Gemeinde geh\u00f6ren, haben Priorit\u00e4t vor Kindern anderer Gemeinden.<\/li>\n<li>\u00c4ltere Kinder werden vor j\u00fcngeren Kindern aufgenommen (z.B. Kinder, die das letzte Jahr im Kindergarten sind).<\/li>\n<li>Erschwerte soziale Verh\u00e4ltnisse f\u00fchren nach kritischer Pr\u00fcfung evtl. zu bevorzugter Aufnahme (z.B. alleinerziehende Eltern, soziale und gesundheitliche H\u00e4rtef\u00e4lle, Arbeitsplatzverlust der Eltern bei keinem Kindergartenplatz usw.).<\/li>\n<li>Nach bzw. w\u00e4hrend des Aufnahmegespr\u00e4chs werden mit den Eltern \u00dcberlegungen \u00fcber die Kindergartenreife angestellt.<\/li>\n<li>Kinder mit Behinderung oder Entwicklungsverz\u00f6gerung werden nach intensiver Elternarbeit und nach Absprache mit helfenden Institutionen wie der mobilen Erziehungshilfe sowie der Fr\u00fchf\u00f6rderung aufgenommen.\u00a0\u00a0\u00a0\u00a0\u00a0\u00a0\u00a0\u00a0\u00a0\u00a0<\/li>\n<li>Bei mehreren Kindern, auf welche die gleichen Kriterien zutreffen oder die gleiche Ausgangssituation haben (z.B. kleineres Geschwisterkind zu Hause), entscheidet im Zweifelsfall das durchnummerierte Anmeldedatum \u00fcber die Aufnahme.<\/li>\n<\/ol>\n<p>Die letzte Entscheidung obliegt der Kindergartenleitung nach genauer Absprache mit dem Tr\u00e4ger und dem Elternbeirat.<\/p>\n<p>F\u00fcr unsere Arbeit mit den Kindern ist es sehr hilfreich und wichtig, wenn die Eltern mit dem Kind vor Eintritt in den Kindergarten, den Toilettengang zuhause \u00fcben \u2013 bestenfalls gehen sie schon selbst\u00e4ndig auf die Toilette.<\/p>\n<p>Bei den Kindergartenkindern wie bei den Krippenkindern sind die Eltern hauptverantwortlich f\u00fcr das \u201esauber werden\u201c ihrer Kinder. Wir stehend gerne unterst\u00fctzend zur Seite.<\/p>\n<p>Die Kinder sollten f\u00fcr eine bestimmte Zeit von der Familie trennen und das p\u00e4dagogische Personal als Bezugspersonen annehmen k\u00f6nnen.<\/p>\n<p>Im Rahmen der Inklusion sind wir bem\u00fcht behinderte oder von Behinderung bedrohte Kinder\u00a0 bei uns aufzunehmen und zu integrieren &#8211; soweit dies nicht unsere Grenzen und das Wohl der anderen Kinder \u00fcbersteigt und die Erziehung und Bildung dieser Kinder in unserer Einrichtung sinnvoll ist.<\/p>\n<p>Nach Absprache mit den Eltern kann die Erzieherin das Kind vom Krippen-\/ Kindergartenbesuch zur\u00fcckstellen, wenn es sich erweist, dass das Kind im Kindergarten \u00fcberfordert und in einer anderen Einrichtung besser betreut ist.<br \/>Die Alters- und Geschlechtermischung wird innerhalb der Krippen- und Kindergartengruppe bei der Gruppenaufteilung beachtet.<\/p>\n<p>Geschwisterkinder werden in der Regel aus p\u00e4dagogisch fachlichen Gr\u00fcnden nicht in die gleiche Gruppe aufgenommen.<\/p>\n<p>Bei der Aufnahme des Kindes sind verschiedene Formulare auszuf\u00fcllen, welche die Eltern am Informationsabend erhalten. Diese sind ein Betreuungsvertrag in zweifacher Ausfertigung, sowie u.a. die Kindergartenordung, ein Anmeldeformular, eine Einwilligungserkl\u00e4rung zur Zusammenarbeit mit der Grundschule, eine Einwilligungserkl\u00e4rung zur Erstellung und Ver\u00f6ffentlichung von Foto-, Film-, und Tonaufnahmen, einen Buchungsbeleg, ein Belehrungsschreiben f\u00fcr das Infektionsschutzgesetz sowie eine Einwilligung zum Fiebermessen und im L\u00e4usefall. <br \/>Ein Nachweis \u00fcber einen ausreichenden Masernschutz und eine Erm\u00e4chtigung zum Einzug des Kindergartenbeitrages durch eine Lastschrift m\u00fcssen abgegeben werden.<\/p>\n<p>F\u00fcr die Aufnahme ist eine einmalige Geb\u00fchr von \u20ac 10 zu entrichten, die mit dem 1. Elternbeitrag eingezogen wird.<\/p>\n<p>Die Aufnahme erfolgt in unserer Einrichtung monatlich, wenn entsprechend Platz vorhanden ist. Die besten Aufnahmemonate sind jedoch zum Kindergartenjahresbeginn der September und nach den Weihnachtsferien der Januar. In der Krippe sowie im Kindergarten ist eine Aufnahme ab Mai aus p\u00e4dagogischer Sicht nicht mehr m\u00f6glich, da eine ad\u00e4quate und kindgerechte Eingew\u00f6hnung nicht mehr gew\u00e4hrleistet ist.\u00a0<\/p>\n<p>\u00a0<\/p>\n<p>\u00a0<\/p>\n","protected":false},"excerpt":{"rendered":"<p>Unsere Einrichtung besuchen Kinder im Alter von 1 Jahr bis 6 Jahren. Anfang des Jahres (Januar \/ Februar) findet eine Anmeldewoche in unserem Kindergarten statt. Der Termin f\u00fcr diese Woche wird im Mitteilungsblatt bekannt gegeben, h\u00e4ngt an der Infopinnwand unserer Einrichtung aus und wird auf der Homepage ver\u00f6ffentlicht. In diesen Tagen sollen die Eltern, die [&hellip;]<\/p>\n","protected":false},"author":3,"featured_media":0,"parent":755,"menu_order":10,"comment_status":"closed","ping_status":"closed","template":"","meta":{"ngg_post_thumbnail":0,"footnotes":""},"class_list":["post-789","page","type-page","status-publish","hentry"],"jetpack_sharing_enabled":true,"_links":{"self":[{"href":"https:\/\/www.kindergarten-weidenbach.de\/wordpress\/wp-json\/wp\/v2\/pages\/789","targetHints":{"allow":["GET"]}}],"collection":[{"href":"https:\/\/www.kindergarten-weidenbach.de\/wordpress\/wp-json\/wp\/v2\/pages"}],"about":[{"href":"https:\/\/www.kindergarten-weidenbach.de\/wordpress\/wp-json\/wp\/v2\/types\/page"}],"author":[{"embeddable":true,"href":"https:\/\/www.kindergarten-weidenbach.de\/wordpress\/wp-json\/wp\/v2\/users\/3"}],"replies":[{"embeddable":true,"href":"https:\/\/www.kindergarten-weidenbach.de\/wordpress\/wp-json\/wp\/v2\/comments?post=789"}],"version-history":[{"count":4,"href":"https:\/\/www.kindergarten-weidenbach.de\/wordpress\/wp-json\/wp\/v2\/pages\/789\/revisions"}],"predecessor-version":[{"id":2742,"href":"https:\/\/www.kindergarten-weidenbach.de\/wordpress\/wp-json\/wp\/v2\/pages\/789\/revisions\/2742"}],"up":[{"embeddable":true,"href":"https:\/\/www.kindergarten-weidenbach.de\/wordpress\/wp-json\/wp\/v2\/pages\/755"}],"wp:attachment":[{"href":"https:\/\/www.kindergarten-weidenbach.de\/wordpress\/wp-json\/wp\/v2\/media?parent=789"}],"curies":[{"name":"wp","href":"https:\/\/api.w.org\/{rel}","templated":true}]}}