{"id":795,"date":"2020-03-29T16:32:51","date_gmt":"2020-03-29T15:32:51","guid":{"rendered":"https:\/\/www.kindergarten-weidenbach.de\/wordpress\/?page_id=795"},"modified":"2020-04-08T07:38:00","modified_gmt":"2020-04-08T06:38:00","slug":"was-das-kind-in-unserer-einrichtung-benoetigt","status":"publish","type":"page","link":"https:\/\/www.kindergarten-weidenbach.de\/wordpress\/wichtigstenfragen\/was-das-kind-in-unserer-einrichtung-benoetigt\/","title":{"rendered":"Was das Kind in unserer Einrichtung ben\u00f6tigt"},"content":{"rendered":"\n<p>In der <u>Kinderkrippe<\/u> ben\u00f6tigt das Kind:<\/p>\n<ul>\n<li>Kindergartentasche \/ Rucksack<\/li>\n<li>Brotzeitdose<\/li>\n<li>Trinkflasche<\/li>\n<li>Hausschuhe (keine Schlapper, H\u00fcttenschuhe und Crocs)<\/li>\n<li>Jedes neue Kind bringt zu Beginn des Kindergartenjahres eine Packung Papiertaschent\u00fccher mit<\/li>\n<li>Schlafsachen<\/li>\n<li>Wechselkleidung<\/li>\n<li>2 \u201eWetbags\u201c f\u00fcr die nasse Kleidung<\/li>\n<li>Windeln &amp; Feuchtt\u00fccher<\/li>\n<li>Buddelhose<\/li>\n<\/ul>\n<p>Im <u>Kindergarten<\/u> ben\u00f6tigt das Kind:<\/p>\n<ul>\n<li>Kindergartentasche \/ Rucksack<\/li>\n<li>Brotzeitdose<\/li>\n<li>Trinkflasche<\/li>\n<li>Hausschuhe (keine Schlapper, H\u00fcttenschuhe und Crocs)<\/li>\n<li>Turnsachen (Turnbeutel mit Turnhose, T-Shirt, Gymnastikschuhe)<\/li>\n<li>Jedes neue Kind bringt zu Beginn des Kindergartenjahres eine Packung Papiertaschent\u00fccher mit<\/li>\n<li>Wechselkleidung<\/li>\n<li>\u201eWetbag\u201c empfehlenswert<\/li>\n<li>Gummistiefel und Buddelhose<\/li>\n<\/ul>\n<p>Bitte alles mit Namen des Kindes kennzeichnen!<\/p>\n","protected":false},"excerpt":{"rendered":"<p>In der Kinderkrippe ben\u00f6tigt das Kind: Kindergartentasche \/ Rucksack Brotzeitdose Trinkflasche Hausschuhe (keine Schlapper, H\u00fcttenschuhe und Crocs) Jedes neue Kind bringt zu Beginn des Kindergartenjahres eine Packung Papiertaschent\u00fccher mit Schlafsachen Wechselkleidung 2 \u201eWetbags\u201c f\u00fcr die nasse Kleidung Windeln &amp; Feuchtt\u00fccher Buddelhose Im Kindergarten ben\u00f6tigt das Kind: Kindergartentasche \/ Rucksack Brotzeitdose Trinkflasche Hausschuhe (keine Schlapper, H\u00fcttenschuhe [&hellip;]<\/p>\n","protected":false},"author":3,"featured_media":0,"parent":755,"menu_order":13,"comment_status":"closed","ping_status":"closed","template":"","meta":{"ngg_post_thumbnail":0,"footnotes":""},"class_list":["post-795","page","type-page","status-publish","hentry"],"jetpack_sharing_enabled":true,"_links":{"self":[{"href":"https:\/\/www.kindergarten-weidenbach.de\/wordpress\/wp-json\/wp\/v2\/pages\/795","targetHints":{"allow":["GET"]}}],"collection":[{"href":"https:\/\/www.kindergarten-weidenbach.de\/wordpress\/wp-json\/wp\/v2\/pages"}],"about":[{"href":"https:\/\/www.kindergarten-weidenbach.de\/wordpress\/wp-json\/wp\/v2\/types\/page"}],"author":[{"embeddable":true,"href":"https:\/\/www.kindergarten-weidenbach.de\/wordpress\/wp-json\/wp\/v2\/users\/3"}],"replies":[{"embeddable":true,"href":"https:\/\/www.kindergarten-weidenbach.de\/wordpress\/wp-json\/wp\/v2\/comments?post=795"}],"version-history":[{"count":2,"href":"https:\/\/www.kindergarten-weidenbach.de\/wordpress\/wp-json\/wp\/v2\/pages\/795\/revisions"}],"predecessor-version":[{"id":1229,"href":"https:\/\/www.kindergarten-weidenbach.de\/wordpress\/wp-json\/wp\/v2\/pages\/795\/revisions\/1229"}],"up":[{"embeddable":true,"href":"https:\/\/www.kindergarten-weidenbach.de\/wordpress\/wp-json\/wp\/v2\/pages\/755"}],"wp:attachment":[{"href":"https:\/\/www.kindergarten-weidenbach.de\/wordpress\/wp-json\/wp\/v2\/media?parent=795"}],"curies":[{"name":"wp","href":"https:\/\/api.w.org\/{rel}","templated":true}]}}