{"id":796,"date":"2020-03-29T16:32:58","date_gmt":"2020-03-29T15:32:58","guid":{"rendered":"https:\/\/www.kindergarten-weidenbach.de\/wordpress\/?page_id=796"},"modified":"2020-04-08T07:47:26","modified_gmt":"2020-04-08T06:47:26","slug":"krankheitsregelung-umgang-mit-medikamenten-und-cremes","status":"publish","type":"page","link":"https:\/\/www.kindergarten-weidenbach.de\/wordpress\/wichtigstenfragen\/krankheitsregelung-umgang-mit-medikamenten-und-cremes\/","title":{"rendered":"Krankheitsregelung \/ Umgang mit Medikamenten und Cremes"},"content":{"rendered":"\n<p>In Krankheitsf\u00e4llen, wie starke Erk\u00e4ltung, Magen-Darmerkrankungen, erh\u00f6hter Temperatur und Fieber muss das Kind zu Hause bleiben. Dadurch kann eine Ansteckung der anderen Kinder und des Personals verhindert werden und das Kind kann schneller gesund werden.<br>Erkrankungen des Kindes an einer ansteckenden Krankheit (wie Masern, Windpocken, Keuchhusten, ansteckende Bindehautentz\u00fcndung u.a.) m\u00fcssen der Leitung mitgeteilt werden. Der Besuch der Einrichtung ist in diesen F\u00e4llen nicht erlaubt.<\/p>\n<p>Nach einer ansteckenden Krankheit muss ein \u00e4rztliches Attest vorgelegt werden, bevor das Kind wieder das Haus des Kindes besuchen darf.<br>Eine Betreuung von kranken Kindern ist in der Einrichtung nicht m\u00f6glich. Erkrankt ein Kind w\u00e4hrend des Aufenthalts in unserer Einrichtung, werden die Eltern umgehend informiert.<\/p>\n<p>Die Eltern verpflichten sich, das erkrankte Kind umgehend abzuholen. Ist ihnen dies nicht pers\u00f6nlich m\u00f6glich, m\u00fcssen sie das Kind von einer ihnen als abholberichtigt benannten Person abholen lassen.<br>Von einer Erkrankung des Kindes ist auszugehen, wenn das Kind Fieber (&gt;38\u00b0C) hat oder sich sonst offensichtlich k\u00f6rperlich unwohl f\u00fchlt und das Personal der Ansicht ist, dass es die Betreuung in der Einrichtung nicht mehr gew\u00e4hrleisten kann. Die Entscheidung, ob ein Kind wegen Krankheitssymptomen abgeholt werden muss, bleibt dem Personal vorbehalten.<\/p>\n<p><u>Richtlinien f\u00fcr den Krippen- und Kindergartenbesuch bei Krankheit<br><\/u>(Bestandteil des Betreuungsvertrages)<\/p>\n<p>Kranke Kinder geh\u00f6ren ins Bett und zu den Menschen, die f\u00fcr sie sorgen, nicht in die Krippe oder in den Kindergarten.<\/p>\n<p>Wir wissen und verstehen, dass es nicht immer leicht ist, eine andere Betreuung zu organisieren bzw. zu Hause zu bleiben. Aber im Vordergrund steht das Wohl des Kindes. Zum einen des kranken Kindes, zum anderen aber auch das Wohl der anderen Krippen- und Kindergartenkinder. Die Gesundheit der Mitglieder des Betreuungsteams findet dabei aber ebenso Ber\u00fccksichtigung. Bei personellen Krankheitsf\u00e4llen ist der reibungslose Ablauf unserer p\u00e4dagogischen Arbeit erschwert.<\/p>\n<p>Bei <u>Fieber <\/u>wird das Kind so schnell wie m\u00f6glich abgeholt. Es darf nur v\u00f6llig fieberfrei wieder kommen &#8211; ohne Einnahme von Medikamenten.<\/p>\n<p><u>Erk\u00e4ltungskrankheiten<\/u>: ein Schnupfen allein ist nicht Grund zu Hause zu bleiben.<\/p>\n<p>Wenn der Allgemeinzustand Ihres Kindes aber deutlich beeintr\u00e4chtigt ist &#8211; starker gelblicher Nasenschleim, starke Weinerlichkeit &#8211; sollte Ihr Kind zu Hause bleiben.<\/p>\n<p><u>Heftiger Husten<\/u> ist ebenfalls ein Grund f\u00fcr heimische Ruhe.<\/p>\n<p><u>Kinderkrankheiten<\/u>: das Kind ist von der Einrichtung fernzuhalten, bis die Ansteckungsgefahr vor\u00fcber ist.<\/p>\n<p><u>Bindehautentz\u00fcndung<\/u>: da diese sehr h\u00e4ufig ansteckend ist, ist das Kind unbedingt sofort abzuholen.<\/p>\n<p><u>Erbrechen und\/oder Durchfall<\/u>: das Kind ist sofort abzuholen. Es darf erst nach einem Tag frei von Symptomen die Einrichtung wieder besuchen.<\/p>\n<p><u>L\u00e4usebefall<\/u>: Krippe \/ Kindergarten darf erst wieder besucht werden, wenn das Kind vollst\u00e4ndig l\u00e4use- und nissenfrei ist. Die Folgebehandlung ist unbedingt durchzuf\u00fchren. Die ganze Familie ist dringend einer regelm\u00e4\u00dfigen Kontrolle zu unterziehen.<\/p>\n<p>Im Einzelnen benannt wurden nur die h\u00e4ufigsten Krankheitsf\u00e4lle. F\u00fcr die nicht genannten Krankheiten gelten die Regeln entsprechend. Insbesondere ist bei Ansteckungsgefahr das Kind immer von der Einrichtung fernzuhalten. Bitte denken Sie daran, Ihr Kind im Krankheitsfall zu entschuldigen. Die Eltern stellen sicher, dass sie (ggf. \u00fcber Dritte) immer telefonisch erreichbar sind.<\/p>\n<p>Die Einrichtung kann nach eigenem Ermessen und bei Bedarf ein \u00e4rztliches Attest verlangen. Ein \u00e4rztliches Attest ist bei folgenden Krankheiten vorzulegen:<\/p>\n<p>Windpocken, Masern, Mumps, R\u00f6teln, Ringelr\u00f6teln, L\u00e4use, ansteckende Bindehautentz\u00fcndung, Hand-Fu\u00df-Mundkrankheit, Noro-Virus, Scharlach (bei Gabe von Antibiotika \/ Penicillin darf das Kind nach 48 Std. ohne Attest wieder die Einrichtung besuchen.<\/p>\n<p><u>Medikamentengabe:<br><\/u>Wir geben den Kindern in unserer Einrichtung keine Medikamente und dergleichen.<\/p>\n<p>Dazu geh\u00f6ren u.a. Globuli, Hustensaft, Nasentropfen, Tabletten.<\/p>\n<p>Wir geben nur Medikamente an Kinder aus, die chronisch krank sind sowie Notfallmedikamente (Wespenallergiker, Epileptiker).<\/p>\n<p>&nbsp;<u>Sonnencreme:<br><\/u>Ab dem Fr\u00fchjahr sollen die Kinder mit Sonnencreme eingecremt werden.<br>Geben Sie bitte Ihrem Kind eine Sonnencreme mit, auf der der vollst\u00e4ndige Name sowie das aktuelle Datum stehen. Somit setzen Sie automatisch das Einverst\u00e4ndnis, dass wir Ihr Kind mit der von Ihnen von zuhause mitgebrachten Sonnencreme eincremen d\u00fcrfen.<br>Es m\u00fcssen alle Kinder eine Sonnencreme dabeihaben!<\/p>\n<p>Wenn nicht, dann darf das jeweilige Kind nur im Schatten spielen, da wir w\u00e4hrend der Betreuungszeit auch die Verantwortung \u00fcber den Sonnenschutz \u00fcbernehmen m\u00fcssen.<\/p>\n<p><u>Windelcreme:<\/u>&nbsp;&nbsp;&nbsp;&nbsp;&nbsp;&nbsp;&nbsp;&nbsp; <br>In der Krippe m\u00f6chten wir Sie darauf hinweisen, dass sie bei Bedarf eine Windelcreme \/ Pocreme mitbringen k\u00f6nnen.<\/p>\n<p>Allerdings m\u00fcssen wir Sie darauf hinweisen, dass die Creme ein Pflegeprodukt sein muss. Dies bedeutet, dass nicht \u201eapothekenpflichtig\u201c draufstehen darf.<\/p>\n<p>Beschriften Sie die Windelcreme mit vollst\u00e4ndigem Namen und aktuellem Datum. Somit setzten Sie automatisch das Einverst\u00e4ndnis, dass wir Ihr Kind mit der von Ihnen von zuhause mitgebrachten Creme nach dem Wickeln eincremen d\u00fcrfen.<\/p>\n","protected":false},"excerpt":{"rendered":"<p>In Krankheitsf\u00e4llen, wie starke Erk\u00e4ltung, Magen-Darmerkrankungen, erh\u00f6hter Temperatur und Fieber muss das Kind zu Hause bleiben. Dadurch kann eine Ansteckung der anderen Kinder und des Personals verhindert werden und das Kind kann schneller gesund werden.Erkrankungen des Kindes an einer ansteckenden Krankheit (wie Masern, Windpocken, Keuchhusten, ansteckende Bindehautentz\u00fcndung u.a.) m\u00fcssen der Leitung mitgeteilt werden. Der Besuch [&hellip;]<\/p>\n","protected":false},"author":3,"featured_media":0,"parent":755,"menu_order":15,"comment_status":"closed","ping_status":"closed","template":"","meta":{"ngg_post_thumbnail":0,"footnotes":""},"class_list":["post-796","page","type-page","status-publish","hentry"],"jetpack_sharing_enabled":true,"_links":{"self":[{"href":"https:\/\/www.kindergarten-weidenbach.de\/wordpress\/wp-json\/wp\/v2\/pages\/796","targetHints":{"allow":["GET"]}}],"collection":[{"href":"https:\/\/www.kindergarten-weidenbach.de\/wordpress\/wp-json\/wp\/v2\/pages"}],"about":[{"href":"https:\/\/www.kindergarten-weidenbach.de\/wordpress\/wp-json\/wp\/v2\/types\/page"}],"author":[{"embeddable":true,"href":"https:\/\/www.kindergarten-weidenbach.de\/wordpress\/wp-json\/wp\/v2\/users\/3"}],"replies":[{"embeddable":true,"href":"https:\/\/www.kindergarten-weidenbach.de\/wordpress\/wp-json\/wp\/v2\/comments?post=796"}],"version-history":[{"count":2,"href":"https:\/\/www.kindergarten-weidenbach.de\/wordpress\/wp-json\/wp\/v2\/pages\/796\/revisions"}],"predecessor-version":[{"id":1234,"href":"https:\/\/www.kindergarten-weidenbach.de\/wordpress\/wp-json\/wp\/v2\/pages\/796\/revisions\/1234"}],"up":[{"embeddable":true,"href":"https:\/\/www.kindergarten-weidenbach.de\/wordpress\/wp-json\/wp\/v2\/pages\/755"}],"wp:attachment":[{"href":"https:\/\/www.kindergarten-weidenbach.de\/wordpress\/wp-json\/wp\/v2\/media?parent=796"}],"curies":[{"name":"wp","href":"https:\/\/api.w.org\/{rel}","templated":true}]}}