{"id":797,"date":"2020-03-29T16:33:03","date_gmt":"2020-03-29T15:33:03","guid":{"rendered":"https:\/\/www.kindergarten-weidenbach.de\/wordpress\/?page_id=797"},"modified":"2020-04-08T07:36:50","modified_gmt":"2020-04-08T06:36:50","slug":"haftung","status":"publish","type":"page","link":"https:\/\/www.kindergarten-weidenbach.de\/wordpress\/wichtigstenfragen\/haftung\/","title":{"rendered":"Haftung"},"content":{"rendered":"\n<p>Die Aufsichtspflicht f\u00fcr den Hin- und R\u00fcckweg liegt allein bei den Personensorgeberechtigten.<\/p>\n<p>Das Personal tr\u00e4gt die Verantwortung \u00fcber die ihm anvertrauten Kinder w\u00e4hrend der \u00d6ffnungszeit. Beim Bringen m\u00fcssen die Kinder dem Personal pers\u00f6nlich \u00fcbergeben werden, da sonst keine Aufsicht gew\u00e4hrt werden kann.<br>Damit wir wissen wann unsere Aufsichtspflicht endet, ist es wichtig, dass sich die Kinder beim Abholen im Beisein der Abholberechtigten verabschieden.<\/p>\n<p>Es muss eindeutig festgelegt sein, wer das Kind abholt. Die Leitung ist dar\u00fcber zu informieren, wer jeweils zum Abholen des Kindes berechtigt ist. Kinder unter 12 Jahren ist es nicht erlaubt, ein Krippen- \/ Kindergartenkind abzuholen. Kinder bis zum etwa 6. Lebensjahr sind nicht in der Lage, das Geschehen auf unseren Stra\u00dfen zu \u00fcberschauen sowie die Verkehrsregeln zu beachten. Sie sind deshalb zu beaufsichtigen.<\/p>\n<p>Die Kinder sind auf dem direkten Weg vom und zur Einrichtung, sowie w\u00e4hrend des Aufenthalts in der Einrichtung und bei Veranstaltungen versichert. Unf\u00e4lle sind der Leitung unverz\u00fcglich zu melden, da ein Unfallbericht erstellt werden muss.<\/p>\n<p>F\u00fcr den Verlust, Verwechslung oder Besch\u00e4digung der Garderobe der Kinder und f\u00fcr mitgebrachtes Spielzeug kann keine Haftung \u00fcbernommen werden. &nbsp;<\/p>\n","protected":false},"excerpt":{"rendered":"<p>Die Aufsichtspflicht f\u00fcr den Hin- und R\u00fcckweg liegt allein bei den Personensorgeberechtigten. Das Personal tr\u00e4gt die Verantwortung \u00fcber die ihm anvertrauten Kinder w\u00e4hrend der \u00d6ffnungszeit. Beim Bringen m\u00fcssen die Kinder dem Personal pers\u00f6nlich \u00fcbergeben werden, da sonst keine Aufsicht gew\u00e4hrt werden kann.Damit wir wissen wann unsere Aufsichtspflicht endet, ist es wichtig, dass sich die Kinder [&hellip;]<\/p>\n","protected":false},"author":3,"featured_media":0,"parent":755,"menu_order":16,"comment_status":"closed","ping_status":"closed","template":"","meta":{"ngg_post_thumbnail":0,"footnotes":""},"class_list":["post-797","page","type-page","status-publish","hentry"],"jetpack_sharing_enabled":true,"_links":{"self":[{"href":"https:\/\/www.kindergarten-weidenbach.de\/wordpress\/wp-json\/wp\/v2\/pages\/797","targetHints":{"allow":["GET"]}}],"collection":[{"href":"https:\/\/www.kindergarten-weidenbach.de\/wordpress\/wp-json\/wp\/v2\/pages"}],"about":[{"href":"https:\/\/www.kindergarten-weidenbach.de\/wordpress\/wp-json\/wp\/v2\/types\/page"}],"author":[{"embeddable":true,"href":"https:\/\/www.kindergarten-weidenbach.de\/wordpress\/wp-json\/wp\/v2\/users\/3"}],"replies":[{"embeddable":true,"href":"https:\/\/www.kindergarten-weidenbach.de\/wordpress\/wp-json\/wp\/v2\/comments?post=797"}],"version-history":[{"count":2,"href":"https:\/\/www.kindergarten-weidenbach.de\/wordpress\/wp-json\/wp\/v2\/pages\/797\/revisions"}],"predecessor-version":[{"id":1228,"href":"https:\/\/www.kindergarten-weidenbach.de\/wordpress\/wp-json\/wp\/v2\/pages\/797\/revisions\/1228"}],"up":[{"embeddable":true,"href":"https:\/\/www.kindergarten-weidenbach.de\/wordpress\/wp-json\/wp\/v2\/pages\/755"}],"wp:attachment":[{"href":"https:\/\/www.kindergarten-weidenbach.de\/wordpress\/wp-json\/wp\/v2\/media?parent=797"}],"curies":[{"name":"wp","href":"https:\/\/api.w.org\/{rel}","templated":true}]}}